{"id":2192,"date":"2020-01-20T18:26:13","date_gmt":"2020-01-20T18:26:13","guid":{"rendered":"http:\/\/czernicaprzedszkole.ovh\/?page_id=2192"},"modified":"2025-10-26T11:11:15","modified_gmt":"2025-10-26T11:11:15","slug":"grupy-i-zajecia-dodatkowe","status":"publish","type":"page","link":"https:\/\/przedszkoleczernica.gaszowice.pl\/?page_id=2192","title":{"rendered":"Grupy i zaj\u0119cia dodatkowe"},"content":{"rendered":"\r\n<h3 class=\"has-text-align-center wp-block-heading\">Grupy:<\/h3>\r\n\r\n\r\n\r\n<p class=\"has-text-align-center\"><strong>I. Biedronki &#8211; trzylatki\u00a0 <\/strong>wych.\u00a0 Anna Makarska,\u00a0 pomoc nauczyciela &#8211;\u00a0 Marzena Mi\u0142ota<\/p>\r\n\r\n\r\n\r\n\r\n\r\n<p class=\"has-text-align-center\"><strong>II. Skrzaty &#8211; czterolatki\u00a0 \u00a0<\/strong>wych.\u00a0 mgr\u00a0 Katarzyna Pawlusek,\u00a0 pomoc nauczyciela &#8211;\u00a0 Patrycja Ma\u0144ka<\/p>\r\n\r\n\r\n\r\n<p class=\"has-text-align-center\"><strong>III. Kolorowe Nutki &#8211; pi\u0119ciolatki\u00a0 \u00a0<\/strong>wych.\u00a0 mgr\u00a0 Iwona Henek<\/p>\r\n\r\n\r\n\r\n<p class=\"has-text-align-center\"><strong>IV. Mali Odkrywcy &#8211; pi\u0119ciolatki i sze\u015bciolatki\u00a0 \u00a0<\/strong>wych.\u00a0 mgr\u00a0 Agnieszka Kukuczka,\u00a0 pomoc nauczyciela &#8211;\u00a0 Agnieszka Mandrysz<\/p>\r\n<p class=\"has-text-align-center\"><strong>V. Pszcz\u00f3\u0142ki &#8211; sze\u015bciolatki\u00a0 <\/strong>wych.\u00a0 mgr Ksenia Fajkus, pomoc nauczyciela &#8211;\u00a0 Agnieszka Blinda<\/p>\r\n<p class=\"has-text-align-center\">Nauczyciel dochodz\u0105cy:\u00a0 mgr\u00a0 Marta Mordeja<\/p>\r\n\r\n\r\n\r\n\r\n\r\n<p>&nbsp;<\/p>\r\n<p>&nbsp;<\/p>\r\n<p class=\"has-text-align-center\" style=\"text-align: center;\"><span style=\"color: #008000;\"><strong>ZAJ\u0118CIA DODATKOWE :<\/strong><\/span><\/p>\r\n\r\n\r\n\r\n<p align=\"CENTER\">\u00a0<\/p>\r\n<p align=\"CENTER\"><span style=\"color: #0000ff;\"><span style=\"font-family: Times New Roman, serif;\"><span style=\"font-size: large;\"><span style=\"font-size: x-large;\"><b>J\u0119zyk angielski ( wtorki i czwartki )<\/b><\/span><\/span><\/span><\/span><\/p>\r\n<p align=\"CENTER\"><span style=\"color: #000000;\"><span style=\"font-family: Times New Roman, serif;\"><span style=\"font-size: large;\"><span style=\"color: #1f1f1f;\"><span style=\"font-size: x-large;\"><span lang=\"pl-PL\">Biedronki 9.15 do 9.30<\/span><\/span><\/span><\/span><\/span><\/span><\/p>\r\n<p align=\"CENTER\"><span style=\"color: #000000;\"><span style=\"font-family: Times New Roman, serif;\"><span style=\"font-size: large;\"><span style=\"color: #1f1f1f;\"><span style=\"font-size: x-large;\"><span lang=\"pl-PL\">Skrzaty 9.30 do 9.45<\/span><\/span><\/span><\/span><\/span><\/span><\/p>\r\n<p align=\"CENTER\"><span style=\"color: #000000;\"><span style=\"font-family: Times New Roman, serif;\"><span style=\"font-size: large;\"><span style=\"color: #1f1f1f;\"><span style=\"font-size: x-large;\"><span lang=\"pl-PL\">Kolorowe Nutki 9.45 do 10.15 <\/span><\/span><\/span><\/span><\/span><\/span><\/p>\r\n<p align=\"CENTER\"><span style=\"color: #000000;\"><span style=\"font-family: Times New Roman, serif;\"><span style=\"font-size: large;\"><span style=\"color: #1f1f1f;\"><span style=\"font-size: x-large;\"><span lang=\"pl-PL\">Mali Odkrywcy 10.15 do 10.45<\/span><\/span><\/span><\/span><\/span><\/span><\/p>\r\n<p align=\"CENTER\"><span style=\"color: #000000;\"><span style=\"font-family: Times New Roman, serif;\"><span style=\"font-size: large;\"><span style=\"color: #1f1f1f;\"><span style=\"font-size: x-large;\"><span lang=\"pl-PL\">Pszcz\u00f3\u0142ki 10.45 do 11.15<\/span><\/span><\/span><\/span><\/span><\/span><\/p>\r\n<p align=\"CENTER\">\u00a0<\/p>\r\n<p align=\"CENTER\"><span style=\"color: #0000ff;\"><span style=\"font-family: Times New Roman, serif;\"><span style=\"font-size: large;\"><span style=\"font-size: x-large;\"><b>Ta\u0144ce<\/b><\/span><\/span><\/span><\/span><\/p>\r\n<p align=\"CENTER\">\u00a0<\/p>\r\n<p align=\"CENTER\"><span style=\"color: #0000ff;\"><span style=\"font-family: Times New Roman, serif;\"><span style=\"font-size: large;\"><span style=\"font-size: x-large;\"><b>Religia<\/b><\/span><\/span><\/span><\/span><\/p>\r\n<p align=\"CENTER\"><span style=\"color: #000000;\"><span style=\"font-family: Times New Roman, serif;\"><span style=\"font-size: x-large;\"><span style=\"color: #1f1f1f;\"><span lang=\"pl-PL\"><b>Kolorowe Nutki <\/b><\/span><\/span><span style=\"color: #1f1f1f;\"><span lang=\"pl-PL\"> &#8211; poniedzia\u0142ek \u2013 12.30\u00a0 do 13.00<\/span><\/span><\/span><\/span><\/span><\/p>\r\n<p align=\"CENTER\"><span style=\"color: #000000;\"><span style=\"font-family: Times New Roman, serif;\"><span style=\"font-size: x-large;\"><span style=\"color: #1f1f1f;\"><span lang=\"pl-PL\">wtorek \u2013 10.30\u00a0 do 11.00<\/span><\/span><\/span><\/span><\/span><\/p>\r\n<p align=\"CENTER\"><span style=\"color: #000000;\"><span style=\"font-family: Times New Roman, serif;\"><span style=\"font-size: x-large;\"><span style=\"color: #1f1f1f;\"><span lang=\"pl-PL\"><b>Pszcz\u00f3\u0142ki <\/b><\/span><\/span><span style=\"color: #1f1f1f;\"><span lang=\"pl-PL\">\u2013 wtorek \u2013 12.30\u00a0 do 13.00<\/span><\/span><\/span><\/span><\/span><\/p>\r\n<p align=\"CENTER\"><span style=\"color: #000000;\"><span style=\"font-family: Times New Roman, serif;\"><span style=\"font-size: x-large;\"><span style=\"color: #1f1f1f;\"><span lang=\"pl-PL\">pi\u0105tek \u2013 11.00\u00a0 do 11.30<\/span><\/span><\/span><\/span><\/span><\/p>\r\n<p align=\"CENTER\"><span style=\"color: #000000;\"><span style=\"font-family: Times New Roman, serif;\"><span style=\"font-size: x-large;\"><span style=\"color: #1f1f1f;\"><span lang=\"pl-PL\"><b>Mali Odkrywcy<\/b><\/span><\/span><span style=\"color: #1f1f1f;\"><span lang=\"pl-PL\"> \u2013 \u015broda \u2013 10.30 do 11.00<\/span><\/span><\/span><\/span><\/span><\/p>\r\n<p align=\"CENTER\"><span style=\"color: #000000;\"><span style=\"font-family: Times New Roman, serif;\"><span style=\"font-size: x-large;\"><span style=\"color: #1f1f1f;\"><span lang=\"pl-PL\">czwartek \u2013 12.30\u00a0 do 13.00<\/span><\/span><\/span><\/span><\/span><\/p>\r\n<p align=\"CENTER\">\u00a0<\/p>\r\n<p align=\"CENTER\"><span style=\"color: #008000;\"><span style=\"font-family: Times New Roman, serif;\"><span style=\"font-size: large;\"><span style=\"font-size: x-large;\"><b>Wszystkie zaj\u0119cia b\u0119d\u0105 si\u0119 odbywa\u0107 od Pa\u017adziernika do Maja<\/b><\/span><\/span><\/span><\/span><\/p>\r\n<p style=\"text-align: center;\">\u00a0<\/p>\r\n<p>&nbsp;<\/p>\r\n<h4 class=\"has-text-align-center\" style=\"text-align: center;\">\u00a0<\/h4>\r\n<h4>\u00a0<\/h4>\r\n<h3 align=\"CENTER\">\u00a0<\/h3>\r\n<h3 align=\"CENTER\">\u00a0<\/h3>\r\n<p class=\"has-text-align-center\" style=\"text-align: center;\"><strong>\u00a0<\/strong><\/p>\r\n\r\n\r\n\r\n<p>&nbsp;<\/p>\r\n\r\n\r\n\r\n<p><strong>\u00a0<\/strong><\/p>\r\n","protected":false},"excerpt":{"rendered":"<p>Grupy: I. Biedronki &#8211; trzylatki\u00a0 wych.\u00a0 Anna Makarska,\u00a0 pomoc nauczyciela &#8211;\u00a0 Marzena Mi\u0142ota II. Skrzaty &#8211; czterolatki\u00a0 \u00a0wych.\u00a0 mgr\u00a0 Katarzyna Pawlusek,\u00a0 pomoc nauczyciela &#8211;\u00a0 Patrycja Ma\u0144ka III. Kolorowe Nutki &#8211; pi\u0119ciolatki\u00a0 \u00a0wych.\u00a0 mgr\u00a0 Iwona Henek IV. Mali Odkrywcy &#8211; pi\u0119ciolatki i sze\u015bciolatki\u00a0 \u00a0wych.\u00a0 mgr\u00a0 Agnieszka Kukuczka,\u00a0 pomoc nauczyciela &#8211;\u00a0 Agnieszka Mandrysz V. Pszcz\u00f3\u0142ki &#8211; sze\u015bciolatki\u00a0 [&hellip;]<\/p>\n","protected":false},"author":1,"featured_media":0,"parent":0,"menu_order":0,"comment_status":"closed","ping_status":"closed","template":"","meta":{"footnotes":""},"class_list":["post-2192","page","type-page","status-publish","hentry"],"_links":{"self":[{"href":"https:\/\/przedszkoleczernica.gaszowice.pl\/index.php?rest_route=\/wp\/v2\/pages\/2192","targetHints":{"allow":["GET"]}}],"collection":[{"href":"https:\/\/przedszkoleczernica.gaszowice.pl\/index.php?rest_route=\/wp\/v2\/pages"}],"about":[{"href":"https:\/\/przedszkoleczernica.gaszowice.pl\/index.php?rest_route=\/wp\/v2\/types\/page"}],"author":[{"embeddable":true,"href":"https:\/\/przedszkoleczernica.gaszowice.pl\/index.php?rest_route=\/wp\/v2\/users\/1"}],"replies":[{"embeddable":true,"href":"https:\/\/przedszkoleczernica.gaszowice.pl\/index.php?rest_route=%2Fwp%2Fv2%2Fcomments&post=2192"}],"version-history":[{"count":58,"href":"https:\/\/przedszkoleczernica.gaszowice.pl\/index.php?rest_route=\/wp\/v2\/pages\/2192\/revisions"}],"predecessor-version":[{"id":4919,"href":"https:\/\/przedszkoleczernica.gaszowice.pl\/index.php?rest_route=\/wp\/v2\/pages\/2192\/revisions\/4919"}],"wp:attachment":[{"href":"https:\/\/przedszkoleczernica.gaszowice.pl\/index.php?rest_route=%2Fwp%2Fv2%2Fmedia&parent=2192"}],"curies":[{"name":"wp","href":"https:\/\/api.w.org\/{rel}","templated":true}]}}