{"id":2091,"date":"2020-01-17T11:47:36","date_gmt":"2020-01-17T11:47:36","guid":{"rendered":"http:\/\/czernicaprzedszkole.ovh\/?page_id=2091"},"modified":"2020-01-17T21:56:25","modified_gmt":"2020-01-17T21:56:25","slug":"2017-2","status":"publish","type":"page","link":"https:\/\/przedszkoleczernica.gaszowice.pl\/?page_id=2091","title":{"rendered":"2017"},"content":{"rendered":"\n<p class=\"has-text-color has-background has-text-align-center has-large-font-size has-very-dark-gray-color has-pale-cyan-blue-background-color\"><strong><a href=\"http:\/\/czernicaprzedszkole.ovh\/?page_id=2095\">Stycze\u0144<\/a><\/strong><\/p>\n\n\n\n<p class=\"has-text-color has-background has-text-align-center has-large-font-size has-very-dark-gray-color has-pale-cyan-blue-background-color\"><strong><a href=\"http:\/\/czernicaprzedszkole.ovh\/?page_id=2097\">Luty<\/a><\/strong><\/p>\n\n\n\n<p class=\"has-text-color has-background has-text-align-center has-large-font-size has-very-dark-gray-color has-pale-cyan-blue-background-color\"><strong><a href=\"http:\/\/czernicaprzedszkole.ovh\/?page_id=2099\">Marzec<\/a><\/strong><\/p>\n\n\n\n<p class=\"has-text-color has-background has-text-align-center has-large-font-size has-very-dark-gray-color has-pale-cyan-blue-background-color\"><strong><a href=\"http:\/\/czernicaprzedszkole.ovh\/?page_id=2101\">Kwiecie\u0144<\/a><\/strong><\/p>\n\n\n\n<p class=\"has-text-color has-background has-text-align-center has-large-font-size has-very-dark-gray-color has-pale-cyan-blue-background-color\"><strong><a href=\"http:\/\/czernicaprzedszkole.ovh\/?page_id=2104\">Maj<\/a><\/strong><\/p>\n\n\n\n<p class=\"has-text-color has-background has-text-align-center has-large-font-size has-very-dark-gray-color has-pale-cyan-blue-background-color\"><strong><a href=\"http:\/\/czernicaprzedszkole.ovh\/?page_id=2107\">Czerwiec<\/a><\/strong><\/p>\n\n\n\n<p class=\"has-text-color has-background has-text-align-center has-large-font-size has-very-dark-gray-color has-pale-cyan-blue-background-color\"><strong><a href=\"http:\/\/czernicaprzedszkole.ovh\/?page_id=2109\">Pa\u017adziernik<\/a><\/strong><\/p>\n\n\n\n<p class=\"has-text-color has-background has-text-align-center has-large-font-size has-very-dark-gray-color has-pale-cyan-blue-background-color\"><strong><a href=\"http:\/\/czernicaprzedszkole.ovh\/?page_id=2111\">Listopad<\/a><\/strong><\/p>\n\n\n\n<p class=\"has-text-color has-background has-text-align-center has-large-font-size has-very-dark-gray-color has-pale-cyan-blue-background-color\"><a href=\"http:\/\/czernicaprzedszkole.ovh\/?page_id=2113\">G<strong>rudzie\u0144<\/strong><\/a><\/p>\n","protected":false},"excerpt":{"rendered":"<p>Stycze\u0144 Luty Marzec Kwiecie\u0144 Maj Czerwiec Pa\u017adziernik Listopad Grudzie\u0144<\/p>\n","protected":false},"author":1,"featured_media":0,"parent":0,"menu_order":0,"comment_status":"closed","ping_status":"closed","template":"","meta":{"footnotes":""},"class_list":["post-2091","page","type-page","status-publish","hentry"],"_links":{"self":[{"href":"https:\/\/przedszkoleczernica.gaszowice.pl\/index.php?rest_route=\/wp\/v2\/pages\/2091","targetHints":{"allow":["GET"]}}],"collection":[{"href":"https:\/\/przedszkoleczernica.gaszowice.pl\/index.php?rest_route=\/wp\/v2\/pages"}],"about":[{"href":"https:\/\/przedszkoleczernica.gaszowice.pl\/index.php?rest_route=\/wp\/v2\/types\/page"}],"author":[{"embeddable":true,"href":"https:\/\/przedszkoleczernica.gaszowice.pl\/index.php?rest_route=\/wp\/v2\/users\/1"}],"replies":[{"embeddable":true,"href":"https:\/\/przedszkoleczernica.gaszowice.pl\/index.php?rest_route=%2Fwp%2Fv2%2Fcomments&post=2091"}],"version-history":[{"count":5,"href":"https:\/\/przedszkoleczernica.gaszowice.pl\/index.php?rest_route=\/wp\/v2\/pages\/2091\/revisions"}],"predecessor-version":[{"id":2127,"href":"https:\/\/przedszkoleczernica.gaszowice.pl\/index.php?rest_route=\/wp\/v2\/pages\/2091\/revisions\/2127"}],"wp:attachment":[{"href":"https:\/\/przedszkoleczernica.gaszowice.pl\/index.php?rest_route=%2Fwp%2Fv2%2Fmedia&parent=2091"}],"curies":[{"name":"wp","href":"https:\/\/api.w.org\/{rel}","templated":true}]}}