{"id":1895,"date":"2020-01-09T18:36:50","date_gmt":"2020-01-09T18:36:50","guid":{"rendered":"http:\/\/czernicaprzedszkole.ovh\/?page_id=1895"},"modified":"2020-01-17T08:22:04","modified_gmt":"2020-01-17T08:22:04","slug":"2019-2","status":"publish","type":"page","link":"https:\/\/przedszkoleczernica.gaszowice.pl\/?page_id=1895","title":{"rendered":"2019"},"content":{"rendered":"\n<p class=\"has-text-color has-background has-text-align-center has-large-font-size has-very-dark-gray-color has-pale-cyan-blue-background-color\"><strong><a href=\"http:\/\/czernicaprzedszkole.ovh\/?page_id=1914\">Styczen<\/a><\/strong><\/p>\n\n\n\n<p class=\"has-text-color has-background has-text-align-center has-large-font-size has-very-dark-gray-color has-pale-cyan-blue-background-color\"><strong><a href=\"http:\/\/czernicaprzedszkole.ovh\/?page_id=1902\">Luty<\/a><\/strong><\/p>\n\n\n\n<p class=\"has-text-color has-background has-text-align-center has-large-font-size has-very-dark-gray-color has-pale-cyan-blue-background-color\"><strong><a href=\"http:\/\/czernicaprzedszkole.ovh\/?page_id=1904\">Marzec<\/a><\/strong><\/p>\n\n\n\n<p class=\"has-text-color has-background has-text-align-center has-large-font-size has-very-dark-gray-color has-pale-cyan-blue-background-color\"><strong><a href=\"http:\/\/czernicaprzedszkole.ovh\/?page_id=1906\">Kwiecie\u0144<\/a><\/strong><\/p>\n\n\n\n<p class=\"has-text-color has-background has-text-align-center has-large-font-size has-very-dark-gray-color has-pale-cyan-blue-background-color\"><strong>Maj<\/strong><\/p>\n\n\n\n<p class=\"has-text-color has-background has-text-align-center has-large-font-size has-very-dark-gray-color has-pale-cyan-blue-background-color\"><strong><a href=\"http:\/\/czernicaprzedszkole.ovh\/?page_id=1959\">Czerwiec<\/a><\/strong><\/p>\n\n\n\n<p class=\"has-text-color has-background has-text-align-center has-large-font-size has-very-dark-gray-color has-pale-cyan-blue-background-color\"><strong><a href=\"http:\/\/czernicaprzedszkole.ovh\/?page_id=1967\">Sierpie\u0144<\/a><\/strong><\/p>\n\n\n\n<p class=\"has-text-color has-background has-text-align-center has-large-font-size has-very-dark-gray-color has-pale-cyan-blue-background-color\"><strong><a href=\"http:\/\/czernicaprzedszkole.ovh\/?page_id=1969\">Wrzesie\u0144<\/a><\/strong><\/p>\n\n\n\n<p class=\"has-text-color has-background has-text-align-center has-large-font-size has-very-dark-gray-color has-pale-cyan-blue-background-color\"><a href=\"http:\/\/czernicaprzedszkole.ovh\/?page_id=1969\"><strong>Pa\u017adziernik<\/strong><\/a><\/p>\n\n\n\n<p class=\"has-text-color has-background has-text-align-center has-large-font-size has-very-dark-gray-color has-pale-cyan-blue-background-color\"><strong><a href=\"http:\/\/czernicaprzedszkole.ovh\/?page_id=1973\">Listopad<\/a><\/strong><\/p>\n\n\n\n<p class=\"has-text-color has-background has-text-align-center has-large-font-size has-very-dark-gray-color has-pale-cyan-blue-background-color\"><strong><a href=\"http:\/\/czernicaprzedszkole.ovh\/?page_id=1975\">Grudzie\u0144<\/a><\/strong><\/p>\n","protected":false},"excerpt":{"rendered":"<p>Styczen Luty Marzec Kwiecie\u0144 Maj Czerwiec Sierpie\u0144 Wrzesie\u0144 Pa\u017adziernik Listopad Grudzie\u0144<\/p>\n","protected":false},"author":1,"featured_media":0,"parent":0,"menu_order":0,"comment_status":"closed","ping_status":"closed","template":"","meta":{"footnotes":""},"class_list":["post-1895","page","type-page","status-publish","hentry"],"_links":{"self":[{"href":"https:\/\/przedszkoleczernica.gaszowice.pl\/index.php?rest_route=\/wp\/v2\/pages\/1895","targetHints":{"allow":["GET"]}}],"collection":[{"href":"https:\/\/przedszkoleczernica.gaszowice.pl\/index.php?rest_route=\/wp\/v2\/pages"}],"about":[{"href":"https:\/\/przedszkoleczernica.gaszowice.pl\/index.php?rest_route=\/wp\/v2\/types\/page"}],"author":[{"embeddable":true,"href":"https:\/\/przedszkoleczernica.gaszowice.pl\/index.php?rest_route=\/wp\/v2\/users\/1"}],"replies":[{"embeddable":true,"href":"https:\/\/przedszkoleczernica.gaszowice.pl\/index.php?rest_route=%2Fwp%2Fv2%2Fcomments&post=1895"}],"version-history":[{"count":5,"href":"https:\/\/przedszkoleczernica.gaszowice.pl\/index.php?rest_route=\/wp\/v2\/pages\/1895\/revisions"}],"predecessor-version":[{"id":2031,"href":"https:\/\/przedszkoleczernica.gaszowice.pl\/index.php?rest_route=\/wp\/v2\/pages\/1895\/revisions\/2031"}],"wp:attachment":[{"href":"https:\/\/przedszkoleczernica.gaszowice.pl\/index.php?rest_route=%2Fwp%2Fv2%2Fmedia&parent=1895"}],"curies":[{"name":"wp","href":"https:\/\/api.w.org\/{rel}","templated":true}]}}