{"id":1874,"date":"2020-01-08T21:54:31","date_gmt":"2020-01-08T21:54:31","guid":{"rendered":"http:\/\/czernicaprzedszkole.ovh\/?page_id=1874"},"modified":"2020-01-08T22:19:32","modified_gmt":"2020-01-08T22:19:32","slug":"rodo","status":"publish","type":"page","link":"https:\/\/przedszkoleczernica.gaszowice.pl\/?page_id=1874","title":{"rendered":"RODO"},"content":{"rendered":"\n<p class=\"has-text-align-center\"><em><strong>Klauzula informacyjna RODO<\/strong><\/em><\/p>\n\n\n\n<p class=\"has-text-align-center\">Zgodnie z art. 13 Rozporz\u0105dzenia Parlamentu Europejskiego i Rady (UE) 2016\/679 z dnia 27 kwietnia 2016r. w sprawie ochrony os\u00f3b fizycznych w zwi\u0105zku z przetwarzaniem danych osobowych i w sprawie swobodnego przep\u0142ywu takich danych oraz uchylenia dyrektywy 95\/46\/WE (og\u00f3lne rozporz\u0105dzenie o ochronie danych \u2013 RODO) informujemy, \u017ce:<\/p>\n\n\n\n<ol class=\"wp-block-list\"><li>Administratorem Pa\u0144stwa danych osobowych jest Przedszkole Bajkowe Wzg\u00f3rze w Czernica ul.Wolno\u015bci 41 reprezentowane przez Dyrektora- mgr Ma\u0142gorzata Gruszka<\/li><li>Kontakt z inspektorem ochrony danych w plac\u00f3wce: Pan ; kontakt mailowy:  przedszkoleczernica@op.pl <\/li><li>Dane osobowe s\u0105 gromadzone i przetwarzane w celu realizacji ci\u0105\u017c\u0105cych na administratorze obowi\u0105zk\u00f3w prawnych, na podstawie art. 6 ust. 1 lit. c RODO, a w zakresie w jakim podanie danych osobowych jest dobrowolne (np. upublicznianie wizerunku) \u2013 na podstawie wyra\u017conej przez Pa\u0144stwa zgody (art. 6 ust. 1 lit. a RODO)<\/li><li>Dane osobowe s\u0105 przechowywane i usuwane w terminach wskazanych w jednolitym rzeczowym wykazie akt oraz instrukcji w sprawie organizacji i zakresu dzia\u0142ania archiw\u00f3w zak\u0142adowych lub innych przepisach prawa, reguluj\u0105cych czas przetwarzania danych, kt\u00f3rym podlega administrator, a je\u017celi te przepisy nie wskazuj\u0105 okresu dotycz\u0105cego konkretnej sprawy \u2013 dane przechowane b\u0119d\u0105 mo\u017cliwie najkr\u00f3tszy czas niezb\u0119dny do realizacji obowi\u0105zku lub us\u0142ugi<\/li><li>Po zako\u0144czeniu przetwarzania dane osobowe nie b\u0119d\u0105 przetwarzane w innym celu ni\u017c pierwotny cel przetwarzania<\/li><li>Podczas pozyskiwania danych osobowych administrator podaje osobie, kt\u00f3rej dane dotycz\u0105 informacj\u0119, czy podanie danych osobowych jest wymogiem ustawowym, umownym lub warunkiem zawarcia umowy oraz czy osoba, kt\u00f3rej dane dotycz\u0105 jest zobowi\u0105zana do ich podania i jakie s\u0105 ewentualne konsekwencje niepodania danych<\/li><li>Odbiorc\u0105 Pa\u0144stwa danych osobowych s\u0105:<ul><li>osoby upowa\u017cnione przez administratora do przetwarzania danych w ramach wykonywania swoich obowi\u0105zk\u00f3w s\u0142u\u017cbowych<\/li><li>podmioty, kt\u00f3rym administrator zleca wykonanie czynno\u015bci, z kt\u00f3rymi wi\u0105\u017ce si\u0119 konieczno\u015b\u0107 przetwarzania danych (podmioty przetwarzaj\u0105ce)<\/li><\/ul><\/li><li>Administrator nie przekazuje ani nie zamierza przekazywa\u0107 danych osobowych do pa\u0144stwa trzeciego czy organizacji mi\u0119dzynarodowych<\/li><li>Administrator nie stosuje mechanizm\u00f3w zautomatyzowanego podejmowania decyzji, w tym nie stosuje profilowania<\/li><li>Osoba, kt\u00f3rej dane s\u0105 przetwarzane w granicach okre\u015blonych w RODO ma prawo do \u017c\u0105dania od administratora dost\u0119pu do swoich danych osobowych, sprostowania, usuni\u0119cia lub ograniczenia przetwarzania lub wniesienia sprzeciwu wobec przetwarzania danych, a tak\u017ce przenoszenia danych oraz wniesienia skargi do organu nadzoruj\u0105cego przestrzeganie przepis\u00f3w ochrony danych osobowych, a w przypadku wyra\u017cenia dobrowolnej zgody na przetwarzanie danych osobowych \u2013 prawo do cofni\u0119cia tej zgody w dowolnym momencie, co nie wp\u0142ywa na zgodno\u015b\u0107 z prawem przetwarzania, kt\u00f3rego dokonano na podstawie zgody przed jej cofni\u0119ciem<\/li><\/ol>\n","protected":false},"excerpt":{"rendered":"<p>Klauzula informacyjna RODO Zgodnie z art. 13 Rozporz\u0105dzenia Parlamentu Europejskiego i Rady (UE) 2016\/679 z dnia 27 kwietnia 2016r. w sprawie ochrony os\u00f3b fizycznych w zwi\u0105zku z przetwarzaniem danych osobowych i w sprawie swobodnego przep\u0142ywu takich danych oraz uchylenia dyrektywy 95\/46\/WE (og\u00f3lne rozporz\u0105dzenie o ochronie danych \u2013 RODO) informujemy, \u017ce: Administratorem Pa\u0144stwa danych osobowych jest [&hellip;]<\/p>\n","protected":false},"author":1,"featured_media":0,"parent":0,"menu_order":0,"comment_status":"closed","ping_status":"closed","template":"","meta":{"footnotes":""},"class_list":["post-1874","page","type-page","status-publish","hentry"],"_links":{"self":[{"href":"https:\/\/przedszkoleczernica.gaszowice.pl\/index.php?rest_route=\/wp\/v2\/pages\/1874","targetHints":{"allow":["GET"]}}],"collection":[{"href":"https:\/\/przedszkoleczernica.gaszowice.pl\/index.php?rest_route=\/wp\/v2\/pages"}],"about":[{"href":"https:\/\/przedszkoleczernica.gaszowice.pl\/index.php?rest_route=\/wp\/v2\/types\/page"}],"author":[{"embeddable":true,"href":"https:\/\/przedszkoleczernica.gaszowice.pl\/index.php?rest_route=\/wp\/v2\/users\/1"}],"replies":[{"embeddable":true,"href":"https:\/\/przedszkoleczernica.gaszowice.pl\/index.php?rest_route=%2Fwp%2Fv2%2Fcomments&post=1874"}],"version-history":[{"count":4,"href":"https:\/\/przedszkoleczernica.gaszowice.pl\/index.php?rest_route=\/wp\/v2\/pages\/1874\/revisions"}],"predecessor-version":[{"id":1882,"href":"https:\/\/przedszkoleczernica.gaszowice.pl\/index.php?rest_route=\/wp\/v2\/pages\/1874\/revisions\/1882"}],"wp:attachment":[{"href":"https:\/\/przedszkoleczernica.gaszowice.pl\/index.php?rest_route=%2Fwp%2Fv2%2Fmedia&parent=1874"}],"curies":[{"name":"wp","href":"https:\/\/api.w.org\/{rel}","templated":true}]}}