{"id":1779,"date":"2020-01-05T12:41:01","date_gmt":"2020-01-05T12:41:01","guid":{"rendered":"http:\/\/czernicaprzedszkole.ovh\/?page_id=1779"},"modified":"2020-01-20T18:23:39","modified_gmt":"2020-01-20T18:23:39","slug":"media-o-przedszkolu-3","status":"publish","type":"page","link":"https:\/\/przedszkoleczernica.gaszowice.pl\/?page_id=1779","title":{"rendered":"Media o przedszkolu"},"content":{"rendered":"\n<h3 class=\"has-text-align-center wp-block-heading\">Media o Przedszkolu<\/h3>\n\n\n\n<p class=\"has-text-align-center\">Pismo Parafialne ZNAK POKOJU opublikowa\u0142o artyku\u0142 po\u015bwi\u0119cony akcji &#8222;Wszystkie Kolory \u015awiata&#8221;.<br><\/p>\n\n\n\n<div class=\"wp-block-image\"><figure class=\"aligncenter\"><a href=\"http:\/\/1.bp.blogspot.com\/-n9Hg8mb8qP0\/VZAGS2UeMWI\/AAAAAAAAJDc\/FlKV4UbfjE8\/s1600\/Scan.jpg%2B1.jpg\"><img decoding=\"async\" src=\"http:\/\/1.bp.blogspot.com\/-n9Hg8mb8qP0\/VZAGS2UeMWI\/AAAAAAAAJDc\/FlKV4UbfjE8\/s640\/Scan.jpg%2B1.jpg\" alt=\"\"\/><\/a><\/figure><\/div>\n\n\n\n<p><\/p>\n\n\n\n<hr class=\"wp-block-separator\"\/>\n\n\n\n<p class=\"has-text-align-center\"><strong>Stworzyli lalki dzieci z r\u00f3\u017cnych kraj\u00f3w<\/strong>Tygodnik Rybnicki opublikowa\u0142 artyku\u0142 po\u015bwi\u0119cony akcji &#8222;Wszystkie Kolory \u015awiata&#8221;, w kt\u00f3rej udzia\u0142 bra\u0142o nasze Przedszkole.<br><\/p>\n\n\n\n<div class=\"wp-block-image\"><figure class=\"aligncenter\"><a href=\"http:\/\/3.bp.blogspot.com\/-OifRNSR2w4Y\/VQlzgZVfcZI\/AAAAAAAAIR8\/AwrzruzUgzM\/s1600\/Scan.jpg\"><img decoding=\"async\" src=\"http:\/\/3.bp.blogspot.com\/-OifRNSR2w4Y\/VQlzgZVfcZI\/AAAAAAAAIR8\/AwrzruzUgzM\/s1600\/Scan.jpg\" alt=\"\"\/><\/a><\/figure><\/div>\n\n\n\n<p><\/p>\n\n\n\n<hr class=\"wp-block-separator\"\/>\n\n\n\n<p class=\"has-text-align-center\"><strong>Bajkowa Edukacja Obywatelska<\/strong>Projekt \u201eBajki Obywatelskie &nbsp;\u2013 Edukacja Ma\u0142ych Obywateli\u201d trwa. Tym razem TVP.INFO odwiedzi\u0142a trzech naszych przedszkolak\u00f3w \u2013 Milen\u0119 i Karolka Marszolika oraz Zuzann\u0119 \u017bydek.<br><a href=\"http:\/\/www.tvp.info\/18945259\/12032015-1630\">http:\/\/www.tvp.info\/18945259\/12032015-1630<\/a><\/p>\n\n\n\n<hr class=\"wp-block-separator\"\/>\n\n\n\n<p class=\"has-text-align-center\">Przedszkolaki maj\u0105 \u201eBajkowe Wzg\u00f3rze\u201d<br>10.06.2014 00:00 red<br>http:\/\/www.nowiny.pl\/egazeta\/tygodnik-rybnicki\/2014-06-10.html<\/p>\n\n\n\n<p class=\"has-text-align-center\">CZERNICA. Przy udziale w\u0142adz gminy i powiatu Przedszkole w Czernicy otrzyma\u0142o oficjalnie nazw\u0119 \u201eBajkowe Wzg\u00f3rze\u201d. Uroczysto\u015b\u0107 odby\u0142a si\u0119 w sali gimnastycznej szko\u0142y i by\u0142a okazj\u0105 do pochwalenia si\u0119 talentami.<\/p>\n\n\n\n<p class=\"has-text-align-center\">Najpierw w\u00f3jt Gaszowic Andrzej Kowalczyk odczyta\u0142 uchwa\u0142\u0119 rady gminy o nadaniu przedszkolu nazwy \u201eBajkowe Wzg\u00f3rze\u201d. Przedszkole otrzyma\u0142o upominki od w\u00f3jta, starosty, rady gminy oraz organizacji dzia\u0142aj\u0105cych w Czernicy. Dzieci u\u015bwietni\u0142y uroczysto\u015b\u0107 swoimi wyst\u0119pami. By\u0142y to pokazy muzyczno-taneczne oraz bajkowe przedstawienie o kr\u00f3lestwie i smoku. \u2013 W ci\u0105gu funkcjonowania naszego samorz\u0105du uda\u0142o si\u0119 doprowadzi\u0107 do sytuacji, \u017ce mamy pi\u0119kne przedszkole w Czernicy, kt\u00f3re stale si\u0119 unowocze\u015bnia. Mamy pi\u0119kne przedszkole w Gaszowicach, a 1 wrze\u015bnia nast\u0105pi otwarcie trzeciego przedszkola w gminie. B\u0119dzie to przedszkole w Szczerbicach, do kt\u00f3rego ucz\u0119szcza\u0107 b\u0119d\u0105 czterolatki i ca\u0142a grupa pi\u0119ciolatk\u00f3w. Na o\u015bwiat\u0119 w naszym bud\u017cecie mamy dwa miliony z\u0142otych, a wybudowanie przedszkola to kolejne dwa miliony. Jest to bardzo dobre i potrzebne przedsi\u0119wzi\u0119cie \u2013 powiedzia\u0142 w\u00f3jt Andrzej Kowalczyk, \u017cycz\u0105c przedszkolakom z Czernicy dalszych sukces\u00f3w, nie tylko bajkowych.<\/p>\n\n\n\n<p class=\"has-text-align-center\">&#8230;&#8230;&#8230;&#8230;&#8230;&#8230;&#8230;&#8230;&#8230;&#8230;&#8230;&#8230;&#8230;&#8230;&#8230;&#8230;&#8230;&#8230;&#8230;&#8230;&#8230;&#8230;&#8230;&#8230;&#8230;&#8230;&#8230;&#8230;&#8230;&#8230;&#8230;&#8230;&#8230;&#8230;&#8230;&#8230;&#8230;&#8230;&#8230;&#8230;&#8230;&#8230;&#8230;&#8230;&#8230;&#8230;&#8230;&#8230;&#8230;&#8230;&#8230;&#8230;&#8230;.<br>Dnia 20.02.2014r. w portalu informacyjnym miasta Rybnik ukaza\u0142a si\u0119 relacja z trzeciej edycji powiatowego konkursu pt.&nbsp;<strong>\u201eJeste\u015bmy ma\u0142ymi Europejczykami\u201d.&nbsp;<\/strong><\/p>\n\n\n\n<figure class=\"wp-block-embed aligncenter\"><div class=\"wp-block-embed__wrapper\">\nhttp:\/\/www.rybnik.com.pl\/wiadomosci,dzieci-udowodnily-ze-sa-malymi-europejczykami,wia5-3277-22988.html&#8230;&#8230;&#8230;&#8230;&#8230;&#8230;&#8230;&#8230;&#8230;&#8230;&#8230;&#8230;&#8230;&#8230;&#8230;&#8230;&#8230;&#8230;&#8230;&#8230;&#8230;&#8230;&#8230;&#8230;&#8230;&#8230;&#8230;&#8230;&#8230;&#8230;&#8230;&#8230;&#8230;&#8230;&#8230;&#8230;&#8230;&#8230;&#8230;&#8230;&#8230;&#8230;&#8230;&#8230;&#8230;&#8230;&#8230;..\n<\/div><\/figure>\n\n\n\n<p class=\"has-text-align-center\">Portal&nbsp;<a href=\"http:\/\/www.enaszemiasto.pl\/\">Nasze Miasto<\/a>&nbsp;opublikowa\u0142 relacj\u0119 z V Przedszkoliady:<\/p>\n\n\n\n<p class=\"has-text-align-center\"><a href=\"http:\/\/www.enaszemiasto.pl\/text\/817\/v-przedszkoliada-w-czernicy.htm\" target=\"_blank\" rel=\"noreferrer noopener\">Przedszkoliada w Cze<\/a><a href=\"http:\/\/www.enaszemiasto.pl\/text\/817\/v-przedszkoliada-w-czernicy.htm\" target=\"_blank\" rel=\"noreferrer noopener\">rnicy<\/a><\/p>\n\n\n\n<p><\/p>\n\n\n\n<div class=\"wp-block-image\"><figure class=\"aligncenter\"><img decoding=\"async\" src=\"http:\/\/www.enaszemiasto.pl\/img.php?img=416411029.jpg&amp;width=300&amp;height=300&amp;big=true\" alt=\"\"\/><\/figure><\/div>\n\n\n\n<p><\/p>\n\n\n\n<hr class=\"wp-block-separator\"\/>\n\n\n\n<p class=\"has-text-align-center\"><strong>Przedszkolaki z Czernicy kibicuj\u0105 i graj\u0105<\/strong><br>Dnia 13.06.2012&nbsp;<a href=\"http:\/\/www.radio90.pl\/przedszkolaki-z-czernicy-kibicuja-i-graja.html\">na stronie internetowej Radia 90 ukaza\u0142 si\u0119 materia\u0142<\/a>, kt\u00f3rego bohaterami s\u0105 nasi wychowankowie.<\/p>\n\n\n\n\n\n<figure><iframe loading=\"lazy\" allowfullscreen=\"\" height=\"270\" src=\"http:\/\/www.youtube.com\/embed\/K6yMWef-kTs?fs=1\" width=\"480\"><\/iframe><\/figure>\n\n\n\n<hr class=\"wp-block-separator\"\/>\n\n\n\n<p class=\"has-text-align-center\">Wersja audio (format .mp3) do pobrania&nbsp;<a href=\"https:\/\/sites.google.com\/site\/czernicaprzedszkole\/home\/radio90.mp3\">tutaj<\/a>.<\/p>\n\n\n\n<p><\/p>\n\n\n\n<hr class=\"wp-block-separator\"\/>\n\n\n\n<p class=\"has-text-align-center\"><strong>Laleczki pomog\u0105 ubogim dzieciom<\/strong><br>Dnia 21.02.2012 Tygodnik Rybnicki opublikowa\u0142 artyku\u0142 po\u015bwi\u0119cony akcji &#8222;Wszystkie Kolory \u015awiata&#8221; w kt\u00f3rej udzia\u0142 bra\u0142o nasze Przedszkole:<br><a href=\"http:\/\/2.bp.blogspot.com\/-ygDBQtTLO1g\/T1D0MQgWzqI\/AAAAAAAACSU\/nNOI-jgbTto\/s1600\/lalki.JPG\">tutaj<\/a><\/p>\n\n\n\n<p><\/p>\n\n\n\n<hr class=\"wp-block-separator\"\/>\n\n\n\n<p class=\"has-text-align-center\"><strong>Przedszkolacy w Telewizji&nbsp;<\/strong><br>W zwi\u0105zku z realizacj\u0105 Programu Dzia\u0142aj Lokalnie VII nasze Przedszkole zosta\u0142o dwukrotnie odwiedzone przez ekip\u0119 TVP Katowice.<br>Materia\u0142 zosta\u0142 wyemitowany w Aktualno\u015bciach:<\/p>\n\n\n\n<p class=\"has-text-align-center\"><a href=\"http:\/\/www.tvp.pl\/katowice\/informacyjne\/aktualnosci\/wideo\/19-grudnia\/3602654\">TVP Katowice Aktualno\u015bci, 19 grudnia<\/a><br>Od 15:16<\/p>\n\n\n\n<p class=\"has-text-align-center\"><a href=\"http:\/\/www.tvp.pl\/katowice\/informacyjne\/aktualnosci\/wideo\/24-grudnia\/3642134\">TVP Katowice Aktualno\u015bci, 24 grudnia<\/a><br>Od 14:16<\/p>\n\n\n\n<p><\/p>\n","protected":false},"excerpt":{"rendered":"<p>Media o Przedszkolu Pismo Parafialne ZNAK POKOJU opublikowa\u0142o artyku\u0142 po\u015bwi\u0119cony akcji &#8222;Wszystkie Kolory \u015awiata&#8221;. Stworzyli lalki dzieci z r\u00f3\u017cnych kraj\u00f3wTygodnik Rybnicki opublikowa\u0142 artyku\u0142 po\u015bwi\u0119cony akcji &#8222;Wszystkie Kolory \u015awiata&#8221;, w kt\u00f3rej udzia\u0142 bra\u0142o nasze Przedszkole. Bajkowa Edukacja ObywatelskaProjekt \u201eBajki Obywatelskie &nbsp;\u2013 Edukacja Ma\u0142ych Obywateli\u201d trwa. Tym razem TVP.INFO odwiedzi\u0142a trzech naszych przedszkolak\u00f3w \u2013 Milen\u0119 i Karolka [&hellip;]<\/p>\n","protected":false},"author":1,"featured_media":0,"parent":0,"menu_order":12,"comment_status":"closed","ping_status":"open","template":"","meta":{"footnotes":""},"class_list":["post-1779","page","type-page","status-publish","hentry"],"_links":{"self":[{"href":"https:\/\/przedszkoleczernica.gaszowice.pl\/index.php?rest_route=\/wp\/v2\/pages\/1779","targetHints":{"allow":["GET"]}}],"collection":[{"href":"https:\/\/przedszkoleczernica.gaszowice.pl\/index.php?rest_route=\/wp\/v2\/pages"}],"about":[{"href":"https:\/\/przedszkoleczernica.gaszowice.pl\/index.php?rest_route=\/wp\/v2\/types\/page"}],"author":[{"embeddable":true,"href":"https:\/\/przedszkoleczernica.gaszowice.pl\/index.php?rest_route=\/wp\/v2\/users\/1"}],"replies":[{"embeddable":true,"href":"https:\/\/przedszkoleczernica.gaszowice.pl\/index.php?rest_route=%2Fwp%2Fv2%2Fcomments&post=1779"}],"version-history":[{"count":3,"href":"https:\/\/przedszkoleczernica.gaszowice.pl\/index.php?rest_route=\/wp\/v2\/pages\/1779\/revisions"}],"predecessor-version":[{"id":2191,"href":"https:\/\/przedszkoleczernica.gaszowice.pl\/index.php?rest_route=\/wp\/v2\/pages\/1779\/revisions\/2191"}],"wp:attachment":[{"href":"https:\/\/przedszkoleczernica.gaszowice.pl\/index.php?rest_route=%2Fwp%2Fv2%2Fmedia&parent=1779"}],"curies":[{"name":"wp","href":"https:\/\/api.w.org\/{rel}","templated":true}]}}