{"id":1776,"date":"2020-01-05T12:40:58","date_gmt":"2020-01-05T12:40:58","guid":{"rendered":"http:\/\/czernicaprzedszkole.ovh\/?page_id=1776"},"modified":"2026-04-30T10:45:51","modified_gmt":"2026-04-30T10:45:51","slug":"jadlospis-3","status":"publish","type":"page","link":"https:\/\/przedszkoleczernica.gaszowice.pl\/?page_id=1776","title":{"rendered":"Jad\u0142ospis"},"content":{"rendered":"<h2 align=\"center\">Poniedzia\u0142ek<\/h2>\n<p style=\"text-align: center;\"><em><strong>4.05.2026<\/strong><\/em><\/p>\n<p style=\"text-align: center;\"><strong>\u015aNIADANIE:<\/strong><\/p>\n<p style=\"text-align: center;\">Chleb pszenny i wieloziarnisty z w\u0119dlin\u0105, \u017c\u00f3\u0142tym serem, pomidorem<br \/>\ni rzodkiewk\u0105<\/p>\n<p style=\"text-align: center;\">Herbata z cytryn\u0105<\/p>\n<p style=\"text-align: center;\"><span style=\"color: #ff0000;\">Alergeny: gluten, mleko<\/span><\/p>\n<p style=\"text-align: center;\"><strong>OBIAD:<\/strong><\/p>\n<p style=\"text-align: center;\">\u017burek na wywarze drobiowo \u2013 warzywnym z kie\u0142bas\u0105 i jajkiem<\/p>\n<p style=\"text-align: center;\">Grysik na mleku z czekolad\u0105<\/p>\n<p style=\"text-align: center;\">Kompot, jab\u0142ko<\/p>\n<p style=\"text-align: center;\"><span style=\"color: #ff0000;\">Alergeny: gluten, seler, mleko, \u015bmietana, jajka<\/span><\/p>\n<p style=\"text-align: center;\"><strong>PODWIECZOREK:<\/strong><\/p>\n<p style=\"text-align: center;\">Par\u00f3wki w cie\u015bcie francuskim<\/p>\n<p style=\"text-align: center;\">Kompot<\/p>\n<p style=\"text-align: center;\"><span style=\"color: #ff0000;\">Alergeny: gluten<\/span><\/p>\n<p>&nbsp;<\/p>\n<h2 align=\"center\">Wtorek<\/h2>\n<p style=\"text-align: center;\"><em><strong>5.05.2026<\/strong><\/em><\/p>\n<p style=\"text-align: center;\"><strong>\u015aNIADANIE:<\/strong><\/p>\n<p style=\"text-align: center;\">Chleb pszenny i wieloziarnisty z mas\u0142em, pasta jajeczna z suszonymi pomidorami<\/p>\n<p style=\"text-align: center;\">Papryka czerwona<\/p>\n<p style=\"text-align: center;\">Kawa zbo\u017cowa z mlekiem<\/p>\n<p style=\"text-align: center;\"><span style=\"color: #ff0000;\">Alergeny: gluten, mleko, jajka<\/span><\/p>\n<p style=\"text-align: center;\"><strong>OBIAD:<\/strong><\/p>\n<p style=\"text-align: center;\">Ros\u00f3\u0142 na wywarze drobiowo \u2013 warzywnym z makaronem<\/p>\n<p style=\"text-align: center;\">Kurczak w sosie dyniowo-\u015bmietanowym, kasza j\u0119czmienna,<br \/>\nsur\u00f3wka z kapusty peki\u0144skiej z og\u00f3rkiem i koperkiem<\/p>\n<p style=\"text-align: center;\">Kompot, mandarynka<\/p>\n<p style=\"text-align: center;\"><span style=\"color: #ff0000;\">Alergeny: gluten, seler, \u015bmietana<\/span><\/p>\n<p style=\"text-align: center;\"><strong>PODWIECZOREK:<\/strong><\/p>\n<p style=\"text-align: center;\">Muffinki \u015bmietankowe<\/p>\n<p style=\"text-align: center;\">(wypiek w\u0142asny)<\/p>\n<p style=\"text-align: center;\">Mleko<\/p>\n<p style=\"text-align: center;\"><span style=\"color: #ff0000;\">Alergeny: gluten,\u00a0 mleko, jajka\u00a0<\/span><\/p>\n<p>&nbsp;<\/p>\n<h2 align=\"center\">\u015aroda<\/h2>\n<p style=\"text-align: center;\"><em><strong>6.05.2026<\/strong><\/em><\/p>\n<p style=\"text-align: center;\"><strong>\u015aNIADANIE:<\/strong><\/p>\n<p style=\"text-align: center;\">Chleb pszenny i wieloziarnisty z mas\u0142em, jogurt naturalny z p\u0142atkami owsianymi i owocami (banan, jab\u0142ko, rodzynki)<\/p>\n<p style=\"text-align: center;\">Herbata owocowa<\/p>\n<p style=\"text-align: center;\"><span style=\"color: #ff0000;\">Alergeny: gluten, mleko<\/span><\/p>\n<p style=\"text-align: center;\"><strong>OBIAD:<\/strong><\/p>\n<p style=\"text-align: center;\">Krem z grochu na wywarze drobiowo \u2013 warzywnym z grzankami<\/p>\n<p style=\"text-align: center;\">Kotlet mielony, ziemniaki, sur\u00f3wka z m\u0142odej kapusty z marchewk\u0105<\/p>\n<p style=\"text-align: center;\">Kompot<\/p>\n<p style=\"text-align: center;\"><span style=\"color: #ff0000;\">Alergeny: gluten, seler, jajka<\/span><\/p>\n<p style=\"text-align: center;\"><strong>PODWIECZOREK:<\/strong><\/p>\n<p style=\"text-align: center;\">Cynamonki<br \/>\n(wypiek w\u0142asny)<\/p>\n<p style=\"text-align: center;\"><span style=\"color: #ff0000;\">Alergeny: mleko<\/span><\/p>\n<p>&nbsp;<\/p>\n<h2 align=\"center\">Czwartek<\/h2>\n<p style=\"text-align: center;\"><em><strong>7.05.2026<\/strong><\/em><\/p>\n<p style=\"text-align: center;\"><strong>\u015aNIADANIE:<\/strong><\/p>\n<p style=\"text-align: center;\">Bu\u0142ka kanapkowa i chleb wieloziarnisty z \u017c\u00f3\u0142tym serem, pomidorem<br \/>\ni szczypiorkiem<\/p>\n<p style=\"text-align: center;\">Kakao<\/p>\n<p style=\"text-align: center;\"><span style=\"color: #ff0000;\">Alergeny: gluten, mleko<\/span><\/p>\n<p style=\"text-align: center;\"><strong>OBIAD:<\/strong><\/p>\n<p style=\"text-align: center;\">Zupa jarzynowa na wywarze drobiowo \u2013 warzywnym<\/p>\n<p style=\"text-align: center;\">Spaghetti carbonara z makaronem pe\u0142noziarnistym<\/p>\n<p style=\"text-align: center;\">Kompot, gruszka<\/p>\n<p style=\"text-align: center;\"><span style=\"color: #ff0000;\">Alergeny: gluten, seler, \u015bmietana, jajka<\/span><\/p>\n<p style=\"text-align: center;\"><strong>PODWIECZOREK:<\/strong><\/p>\n<p style=\"text-align: center;\">Galaretka<br \/>\nz owocami<br \/>\n(banan, mandarynka)<\/p>\n<p style=\"text-align: center;\">Biszkopty<\/p>\n<p style=\"text-align: center;\"><span style=\"color: #ff0000;\">Alergeny: gluten<\/span><\/p>\n<p>&nbsp;<\/p>\n<h2 align=\"center\">Pi\u0105tek<\/h2>\n<p style=\"text-align: center;\"><em><strong>08.05.2026<\/strong><\/em><\/p>\n<p style=\"text-align: center;\"><strong>\u015aNIADANIE:<\/strong><\/p>\n<p style=\"text-align: center;\">Rogale z miodem i d\u017cemem<\/p>\n<p style=\"text-align: center;\">Kawa zbo\u017cowa z mlekiem, jab\u0142ko<\/p>\n<p style=\"text-align: center;\"><span style=\"color: #ff0000;\">Alergeny: gluten, mleko<\/span><\/p>\n<p style=\"text-align: center;\"><strong>OBIAD:<\/strong><\/p>\n<p style=\"text-align: center;\">Ros\u00f3\u0142 na wywarze drobiowo \u2013 warzywnym z ry\u017cem<\/p>\n<p style=\"text-align: center;\">Filet z miruny panierowany, ziemniaki, sur\u00f3wka z kapusty kiszonej<\/p>\n<p style=\"text-align: center;\">Kompot, banan<\/p>\n<p style=\"text-align: center;\"><span style=\"color: #ff0000;\">Alergeny: gluten, seler, \u015bmietana, jajka<\/span><\/p>\n<p style=\"text-align: center;\"><strong>PODWIECZOREK:<\/strong><\/p>\n<p style=\"text-align: center;\">Bu\u0142ka kanapkowa<br \/>\nz \u017c\u00f3\u0142tym serem<br \/>\ni og\u00f3rkiem zielonym<\/p>\n<p style=\"text-align: center;\">Herbata owocowa<\/p>\n<p style=\"text-align: center;\"><span style=\"color: #ff0000;\">Alergeny: gluten, mleko<\/span><\/p>\n<p>&nbsp;<\/p>\n<p>&nbsp;<\/p>\n<p>&nbsp;<\/p>\n<p>&nbsp;<\/p>\n<p>&nbsp;<\/p>\n<p>&nbsp;<\/p>\n<p>&nbsp;<\/p>\n<p>&nbsp;<\/p>\n<p>&nbsp;<\/p>\n<p>&nbsp;<\/p>\n<p>&nbsp;<\/p>\n<p>&nbsp;<\/p>\n<p>&nbsp;<\/p>\n<p>&nbsp;<\/p>\n<p>&nbsp;<\/p>\n<p>&nbsp;<\/p>\n<p>&nbsp;<\/p>\n<p>&nbsp;<\/p>\n<p>&nbsp;<\/p>\n<p>&nbsp;<\/p>\n<p>&nbsp;<\/p>\n<p>&nbsp;<\/p>\n<p>&nbsp;<\/p>\n<p>&nbsp;<\/p>\n<p>&nbsp;<\/p>\n<p>&nbsp;<\/p>\n<p>&nbsp;<\/p>\n<p>&nbsp;<\/p>\n<p>&nbsp;<\/p>\n<p>&nbsp;<\/p>\n<p>&nbsp;<\/p>\n<p>&nbsp;<\/p>\n<p>&nbsp;<\/p>\n<p>&nbsp;<\/p>\n<p>&nbsp;<\/p>\n<p>&nbsp;<\/p>\n<p>&nbsp;<\/p>\n<p>&nbsp;<\/p>\n<p>&nbsp;<\/p>\n<p>&nbsp;<\/p>\n<p>&nbsp;<\/p>\n<p>&nbsp;<\/p>\n<p>&nbsp;<\/p>\n<p>&nbsp;<\/p>\n<p>&nbsp;<\/p>\n<p>&nbsp;<\/p>\n<p>&nbsp;<\/p>\n<p>&nbsp;<\/p>\n<p>&nbsp;<\/p>\n<p>&nbsp;<\/p>\n<p>&nbsp;<\/p>\n<p>&nbsp;<\/p>\n<p>&nbsp;<\/p>\n<p>&nbsp;<\/p>\n<p>&nbsp;<\/p>\n<p>&nbsp;<\/p>\n<p>&nbsp;<\/p>\n<p>&nbsp;<\/p>\n<p>&nbsp;<\/p>\n<p>&nbsp;<\/p>\n<p>&nbsp;<\/p>\n<p>&nbsp;<\/p>\n<p>&nbsp;<\/p>\n<p>&nbsp;<\/p>\n<p>&nbsp;<\/p>\n<p>&nbsp;<\/p>\n<p>&nbsp;<\/p>\n<p>&nbsp;<\/p>\n<p>&nbsp;<\/p>\n<p>&nbsp;<\/p>\n<p>&nbsp;<\/p>\n<p>&nbsp;<\/p>\n<p>&nbsp;<\/p>\n<p>&nbsp;<\/p>\n<p>&nbsp;<\/p>\n<p>&nbsp;<\/p>\n<p>&nbsp;<\/p>\n<p>&nbsp;<\/p>\n<p>&nbsp;<\/p>\n<p>&nbsp;<\/p>\n<p>&nbsp;<\/p>\n<p>&nbsp;<\/p>\n<p>&nbsp;<\/p>\n<p>&nbsp;<\/p>\n<p>&nbsp;<\/p>\n<p>&nbsp;<\/p>\n<p>&nbsp;<\/p>\n<p>&nbsp;<\/p>\n<p>&nbsp;<\/p>\n<p>&nbsp;<\/p>\n<p>&nbsp;<\/p>\n<p>&nbsp;<\/p>\n<p>&nbsp;<\/p>\n<p>&nbsp;<\/p>\n<p>&nbsp;<\/p>\n<p>&nbsp;<\/p>\n<p>&nbsp;<\/p>\n<p>&nbsp;<\/p>\n<p>&nbsp;<\/p>\n<p>&nbsp;<\/p>\n<p>&nbsp;<\/p>\n<p>&nbsp;<\/p>\n<p>&nbsp;<\/p>\n<p>&nbsp;<\/p>\n<p>&nbsp;<\/p>\n<p>&nbsp;<\/p>\n<p>&nbsp;<\/p>\n<p>&nbsp;<\/p>\n<p>&nbsp;<\/p>\n<p>&nbsp;<\/p>\n<p>&nbsp;<\/p>\n<p>&nbsp;<\/p>\n<p>&nbsp;<\/p>\n<p>&nbsp;<\/p>\n<p>&nbsp;<\/p>\n<p>&nbsp;<\/p>\n","protected":false},"excerpt":{"rendered":"<p>Poniedzia\u0142ek 4.05.2026 \u015aNIADANIE: Chleb pszenny i wieloziarnisty z w\u0119dlin\u0105, \u017c\u00f3\u0142tym serem, pomidorem i rzodkiewk\u0105 Herbata z cytryn\u0105 Alergeny: gluten, mleko OBIAD: \u017burek na wywarze drobiowo \u2013 warzywnym z kie\u0142bas\u0105 i jajkiem Grysik na mleku z czekolad\u0105 Kompot, jab\u0142ko Alergeny: gluten, seler, mleko, \u015bmietana, jajka PODWIECZOREK: Par\u00f3wki w cie\u015bcie francuskim Kompot Alergeny: gluten &nbsp; Wtorek 5.05.2026 [&hellip;]<\/p>\n","protected":false},"author":1,"featured_media":0,"parent":0,"menu_order":9,"comment_status":"closed","ping_status":"open","template":"","meta":{"footnotes":""},"class_list":["post-1776","page","type-page","status-publish","hentry"],"_links":{"self":[{"href":"https:\/\/przedszkoleczernica.gaszowice.pl\/index.php?rest_route=\/wp\/v2\/pages\/1776","targetHints":{"allow":["GET"]}}],"collection":[{"href":"https:\/\/przedszkoleczernica.gaszowice.pl\/index.php?rest_route=\/wp\/v2\/pages"}],"about":[{"href":"https:\/\/przedszkoleczernica.gaszowice.pl\/index.php?rest_route=\/wp\/v2\/types\/page"}],"author":[{"embeddable":true,"href":"https:\/\/przedszkoleczernica.gaszowice.pl\/index.php?rest_route=\/wp\/v2\/users\/1"}],"replies":[{"embeddable":true,"href":"https:\/\/przedszkoleczernica.gaszowice.pl\/index.php?rest_route=%2Fwp%2Fv2%2Fcomments&post=1776"}],"version-history":[{"count":280,"href":"https:\/\/przedszkoleczernica.gaszowice.pl\/index.php?rest_route=\/wp\/v2\/pages\/1776\/revisions"}],"predecessor-version":[{"id":5333,"href":"https:\/\/przedszkoleczernica.gaszowice.pl\/index.php?rest_route=\/wp\/v2\/pages\/1776\/revisions\/5333"}],"wp:attachment":[{"href":"https:\/\/przedszkoleczernica.gaszowice.pl\/index.php?rest_route=%2Fwp%2Fv2%2Fmedia&parent=1776"}],"curies":[{"name":"wp","href":"https:\/\/api.w.org\/{rel}","templated":true}]}}