{"id":1769,"date":"2020-01-05T12:40:51","date_gmt":"2020-01-05T12:40:51","guid":{"rendered":"http:\/\/czernicaprzedszkole.ovh\/?page_id=1769"},"modified":"2026-04-03T21:28:49","modified_gmt":"2026-04-03T21:28:49","slug":"biezace-informacje-dla-rodzicow-3","status":"publish","type":"page","link":"https:\/\/przedszkoleczernica.gaszowice.pl\/?page_id=1769","title":{"rendered":"Bie\u017c\u0105ce sprawy dla rodzic\u00f3w"},"content":{"rendered":"\r\n<p align=\"CENTER\"><span style=\"color: #000000;\"><span style=\"font-family: Times New Roman, serif;\"><span style=\"font-size: large;\"><span style=\"color: #1f1f1f;\"><span style=\"font-size: x-large;\"><span lang=\"pl-PL\"><b>\u017byczenia \u015awi\u0105teczne<\/b><\/span><\/span><\/span><\/span><\/span><\/span><\/p>\r\n<p align=\"CENTER\"><span style=\"color: #000000;\"><span style=\"font-family: Times New Roman, serif;\"><span style=\"font-size: large;\"><span style=\"font-size: x-large;\"><span lang=\"pl-PL\">Zdrowych, Pogodnych \u015awi\u0105t Wielkanocnych,<br \/>przepe\u0142nionych wiar\u0105, nadziej\u0105 i mi\u0142o\u015bci\u0105.<br \/>Radosnego, wiosennego nastroju,<br \/>serdecznych spotka\u0144 w gronie rodziny i w\u015br\u00f3d przyjaci\u00f3\u0142<br \/>oraz weso\u0142ego &#8222;Alleluja&#8221;.<\/span><\/span><\/span><\/span><\/span><\/p>\r\n<p align=\"CENTER\"><span style=\"color: #000000;\"><span style=\"font-family: Times New Roman, serif;\"><span style=\"font-size: large;\"><span lang=\"pl-PL\">Dyrektor oraz <\/span><\/span><\/span><\/span><\/p>\r\n<p align=\"CENTER\"><span style=\"color: #000000;\"><span style=\"font-family: Times New Roman, serif;\"><span style=\"font-size: large;\"><span lang=\"pl-PL\">wszyscy pracownicy przedszkola<\/span><\/span><\/span><\/span><\/p>\r\n<p align=\"CENTER\">\u00a0<\/p>\r\n<p align=\"CENTER\"><a href=\"http:\/\/przedszkoleczernica.gaszowice.pl\/wp-content\/uploads\/2026\/04\/zycz-scaled.jpg\"><img loading=\"lazy\" decoding=\"async\" class=\"alignnone size-medium wp-image-5264\" src=\"http:\/\/przedszkoleczernica.gaszowice.pl\/wp-content\/uploads\/2026\/04\/zycz-225x300.jpg\" alt=\"\" width=\"225\" height=\"300\" srcset=\"https:\/\/przedszkoleczernica.gaszowice.pl\/wp-content\/uploads\/2026\/04\/zycz-225x300.jpg 225w, https:\/\/przedszkoleczernica.gaszowice.pl\/wp-content\/uploads\/2026\/04\/zycz-768x1024.jpg 768w, https:\/\/przedszkoleczernica.gaszowice.pl\/wp-content\/uploads\/2026\/04\/zycz-1152x1536.jpg 1152w, https:\/\/przedszkoleczernica.gaszowice.pl\/wp-content\/uploads\/2026\/04\/zycz-1536x2048.jpg 1536w, https:\/\/przedszkoleczernica.gaszowice.pl\/wp-content\/uploads\/2026\/04\/zycz-600x800.jpg 600w, https:\/\/przedszkoleczernica.gaszowice.pl\/wp-content\/uploads\/2026\/04\/zycz-scaled.jpg 1920w\" sizes=\"auto, (max-width: 225px) 100vw, 225px\" \/><\/a><\/p>\r\n<p align=\"CENTER\">\u00a0<\/p>\r\n<p style=\"text-align: left;\" align=\"CENTER\">&#8230;&#8230;&#8230;&#8230;&#8230;&#8230;&#8230;&#8230;&#8230;&#8230;&#8230;&#8230;&#8230;&#8230;&#8230;&#8230;&#8230;&#8230;&#8230;&#8230;&#8230;&#8230;&#8230;&#8230;&#8230;&#8230;&#8230;&#8230;&#8230;&#8230;&#8230;&#8230;&#8230;&#8230;&#8230;&#8230;&#8230;&#8230;&#8230;&#8230;&#8230;&#8230;&#8230;&#8230;&#8230;&#8230;&#8230;&#8230;&#8230;&#8230;&#8230;&#8230;&#8230;&#8230;&#8230;&#8230;&#8230;&#8230;&#8230;&#8230;&#8230;&#8230;&#8230;&#8230;&#8230;&#8230;&#8230;&#8230;&#8230;&#8230;&#8230;&#8230;&#8230;&#8230;..<\/p>\r\n<p align=\"CENTER\">\u00a0<\/p>\r\n<p style=\"text-align: center;\"><strong>WA\u017bNE OG\u0141OSZENIE<\/strong><\/p>\r\n<p>&nbsp;<\/p>\r\n<p align=\"CENTER\"><strong><span style=\"color: #000000;\"><span style=\"font-family: Times New Roman, serif;\"><span style=\"font-size: large;\"><span style=\"color: #111111;\"><span style=\"font-size: x-large;\"><span lang=\"pl-PL\">Logopeda \u2013 nowe godziny i dni<\/span><\/span><\/span><\/span><\/span><\/span><\/strong><\/p>\r\n<p align=\"CENTER\"><span style=\"color: #000000;\"><span style=\"font-family: Times New Roman, serif;\"><span style=\"font-size: large;\"><span style=\"color: #111111;\"><span style=\"font-size: x-large;\"><span lang=\"pl-PL\">Prosz\u0119 zapozna\u0107 si\u0119 z nowymi dniami i godzinami <\/span><\/span><\/span><\/span><\/span><\/span><\/p>\r\n<p align=\"CENTER\"><span style=\"color: #000000;\"><span style=\"font-family: Times New Roman, serif;\"><span style=\"font-size: large;\"><span style=\"color: #111111;\"><span style=\"font-size: x-large;\"><span lang=\"pl-PL\">pracy pani logopedy Beaty Steuer.<\/span><\/span><\/span><\/span><\/span><\/span><\/p>\r\n<p align=\"CENTER\"><span style=\"color: #000000;\"><span style=\"font-family: Times New Roman, serif;\"><span style=\"font-size: large;\"><span style=\"color: #111111;\"><span style=\"font-size: x-large;\"><span lang=\"pl-PL\">( Tablica informacyjna )<\/span><\/span><\/span><\/span><\/span><\/span><\/p>\r\n<p align=\"CENTER\">\u00a0<\/p>\r\n<p align=\"CENTER\"><span style=\"color: #000000;\"><span style=\"font-family: Times New Roman, serif;\"><span style=\"font-size: x-large;\"><span style=\"color: #1f1f1f;\"><span lang=\"pl-PL\">Poniedzia\u0142ek &#8211; 7.30\u00a0 do 8.30<\/span><\/span><\/span><\/span><\/span><\/p>\r\n<p align=\"CENTER\"><span style=\"color: #000000;\"><span style=\"font-family: Times New Roman, serif;\"><span style=\"font-size: x-large;\"><span style=\"color: #1f1f1f;\"><span lang=\"pl-PL\">Wtorek &#8211; 14.00\u00a0 do 15.30<\/span><\/span><\/span><\/span><\/span><\/p>\r\n<p align=\"CENTER\"><span style=\"color: #000000;\"><span style=\"font-family: Times New Roman, serif;\"><span style=\"font-size: x-large;\"><span style=\"color: #1f1f1f;\"><span lang=\"pl-PL\">\u015aroda &#8211; 7.30\u00a0 do\u00a0 8.30<\/span><\/span><\/span><\/span><\/span><\/p>\r\n<p align=\"CENTER\"><span style=\"color: #000000;\"><span style=\"font-family: Times New Roman, serif;\"><span style=\"font-size: x-large;\"><span style=\"color: #1f1f1f;\"><span lang=\"pl-PL\">Czwartek &#8211; 7.30\u00a0 do\u00a0 9.30<\/span><\/span><\/span><\/span><\/span><\/p>\r\n<p align=\"CENTER\"><span style=\"color: #000000;\"><span style=\"font-family: Times New Roman, serif;\"><span style=\"font-size: x-large;\"><span style=\"color: #1f1f1f;\"><span lang=\"pl-PL\">Pi\u0105tek &#8211; 13.00\u00a0 do 15.30<\/span><\/span><\/span><\/span><\/span><\/p>\r\n<p align=\"CENTER\">\u00a0<\/p>\r\n<p style=\"text-align: left;\" align=\"CENTER\">&#8230;&#8230;&#8230;&#8230;&#8230;&#8230;&#8230;&#8230;&#8230;&#8230;&#8230;&#8230;&#8230;&#8230;&#8230;&#8230;&#8230;&#8230;&#8230;&#8230;&#8230;&#8230;&#8230;&#8230;&#8230;&#8230;&#8230;&#8230;&#8230;&#8230;&#8230;&#8230;&#8230;&#8230;&#8230;&#8230;&#8230;&#8230;&#8230;&#8230;&#8230;&#8230;&#8230;&#8230;&#8230;&#8230;&#8230;&#8230;&#8230;&#8230;&#8230;&#8230;&#8230;&#8230;&#8230;&#8230;&#8230;&#8230;&#8230;&#8230;&#8230;&#8230;&#8230;&#8230;&#8230;&#8230;&#8230;&#8230;&#8230;&#8230;&#8230;&#8230;&#8230;<\/p>\r\n<p align=\"CENTER\">\u00a0<\/p>\r\n<p>&nbsp;<\/p>\r\n<p><span style=\"font-size: 22.0pt;\">Prosimy rodzic\u00f3w, kt\u00f3rzy nie otrzymuj\u0105 wiadomo\u015bci email z p\u0142atno\u015bciami za przedszkole o zarejestrowanie si\u0119 na platformie <b><u>www.eprzedszkole.com.pl<\/u><\/b>.<\/span><\/p>\r\n<p class=\"Standard\" style=\"text-align: justify;\"><span style=\"font-size: 22.0pt;\">Po podaniu adresu email b\u0119d\u0105 Pa\u0144stwo mogli otrzyma\u0107 paski nale\u017cno\u015bci drog\u0105 elektroniczn\u0105.<\/span><\/p>\r\n<pre class=\"Standard\" style=\"text-align: justify;\"><span style=\"font-size: 22.0pt;\">Prosz\u0119 doda\u0107 swoje dziecko\/dzieci poprzez podanie numeru PESEL <br \/>oraz numeru karty ATMS.<\/span><\/pre>\r\n<h5 class=\"Standard\" style=\"text-align: justify;\"><span style=\"font-size: 22.0pt;\">W razie pyta\u0144 prosimy o kontakt z sekretariatem przedszkola w godzinach od 8 do 13.<\/span><\/h5>\r\n<div align=\"LEFT\">\r\n<div align=\"CENTER\">\r\n<div align=\"CENTER\">\r\n<div align=\"CENTER\">\r\n<div align=\"LEFT\">\r\n<div align=\"LEFT\">\r\n<div align=\"center\">\r\n<div style=\"text-align: center;\" align=\"CENTER\">\u00a0<\/div>\r\n<\/div>\r\n<\/div>\r\n<\/div>\r\n<\/div>\r\n<\/div>\r\n<\/div>\r\n<\/div>\r\n<div><hr \/>\r\n<p style=\"text-align: center;\"><b><br \/><\/b><b>Numer Konta do Op\u0142at za Przedszkole: 47 8470 0001 2001 0051 5227 0004\u00a0<\/b><br \/><b><br \/><\/b><b>W tytule nale\u017cy wpisa\u0107 : Imi\u0119 i nazwisko dziecka, za jaki miesi\u0105c oraz wysoko\u015b\u0107 op\u0142aty za wy\u017cywienie, godziny ponadwymiarowe oraz odsetki.<\/b><\/p>\r\n<p style=\"text-align: center;\"><b><br \/><\/b><b><br \/><\/b><b>&#8212;&#8212;&#8212;&#8212;&#8212;&#8212;&#8212;&#8212;&#8212;&#8212;&#8212;&#8212;&#8212;&#8212;&#8212;&#8212;&#8212;&#8212;&#8212;&#8212;&#8212;&#8212;&#8212;&#8212;&#8212;&#8212;&#8212;&#8212;&#8212;&#8212;&#8212;&#8212;&#8212;&#8212;&#8212;&#8212;&#8212;&#8212;&#8212;&#8212;&#8211;<\/b><br \/><b><\/b><\/p>\r\n<p>&nbsp;<\/p>\r\n<p style=\"text-align: center;\"><b>Numer Konta Rady Rodzic\u00f3w<\/b>:\u00a0<b>03 8470 0001 2040 0065 0058 0001<\/b><\/p>\r\n<p style=\"text-align: center;\">Wp\u0142aty jedynie na Rad\u0119 Rodzic\u00f3w<\/p>\r\n<div>\u00a0<\/div>\r\n<hr \/>\r\n<p style=\"text-align: center;\">\u00a0<\/p>\r\n<\/div>","protected":false},"excerpt":{"rendered":"<p>\u017byczenia \u015awi\u0105teczne Zdrowych, Pogodnych \u015awi\u0105t Wielkanocnych,przepe\u0142nionych wiar\u0105, nadziej\u0105 i mi\u0142o\u015bci\u0105.Radosnego, wiosennego nastroju,serdecznych spotka\u0144 w gronie rodziny i w\u015br\u00f3d przyjaci\u00f3\u0142oraz weso\u0142ego &#8222;Alleluja&#8221;. Dyrektor oraz wszyscy pracownicy przedszkola \u00a0 \u00a0 &#8230;&#8230;&#8230;&#8230;&#8230;&#8230;&#8230;&#8230;&#8230;&#8230;&#8230;&#8230;&#8230;&#8230;&#8230;&#8230;&#8230;&#8230;&#8230;&#8230;&#8230;&#8230;&#8230;&#8230;&#8230;&#8230;&#8230;&#8230;&#8230;&#8230;&#8230;&#8230;&#8230;&#8230;&#8230;&#8230;&#8230;&#8230;&#8230;&#8230;&#8230;&#8230;&#8230;&#8230;&#8230;&#8230;&#8230;&#8230;&#8230;&#8230;&#8230;&#8230;&#8230;&#8230;&#8230;&#8230;&#8230;&#8230;&#8230;&#8230;&#8230;&#8230;&#8230;&#8230;&#8230;&#8230;&#8230;&#8230;&#8230;&#8230;&#8230;&#8230;&#8230;&#8230;.. \u00a0 WA\u017bNE OG\u0141OSZENIE &nbsp; Logopeda \u2013 nowe godziny i dni Prosz\u0119 zapozna\u0107 si\u0119 z nowymi dniami i godzinami pracy pani logopedy Beaty Steuer. ( Tablica informacyjna [&hellip;]<\/p>\n","protected":false},"author":1,"featured_media":0,"parent":0,"menu_order":2,"comment_status":"closed","ping_status":"open","template":"","meta":{"footnotes":""},"class_list":["post-1769","page","type-page","status-publish","hentry"],"_links":{"self":[{"href":"https:\/\/przedszkoleczernica.gaszowice.pl\/index.php?rest_route=\/wp\/v2\/pages\/1769","targetHints":{"allow":["GET"]}}],"collection":[{"href":"https:\/\/przedszkoleczernica.gaszowice.pl\/index.php?rest_route=\/wp\/v2\/pages"}],"about":[{"href":"https:\/\/przedszkoleczernica.gaszowice.pl\/index.php?rest_route=\/wp\/v2\/types\/page"}],"author":[{"embeddable":true,"href":"https:\/\/przedszkoleczernica.gaszowice.pl\/index.php?rest_route=\/wp\/v2\/users\/1"}],"replies":[{"embeddable":true,"href":"https:\/\/przedszkoleczernica.gaszowice.pl\/index.php?rest_route=%2Fwp%2Fv2%2Fcomments&post=1769"}],"version-history":[{"count":170,"href":"https:\/\/przedszkoleczernica.gaszowice.pl\/index.php?rest_route=\/wp\/v2\/pages\/1769\/revisions"}],"predecessor-version":[{"id":5265,"href":"https:\/\/przedszkoleczernica.gaszowice.pl\/index.php?rest_route=\/wp\/v2\/pages\/1769\/revisions\/5265"}],"wp:attachment":[{"href":"https:\/\/przedszkoleczernica.gaszowice.pl\/index.php?rest_route=%2Fwp%2Fv2%2Fmedia&parent=1769"}],"curies":[{"name":"wp","href":"https:\/\/api.w.org\/{rel}","templated":true}]}}