{"id":1768,"date":"2020-01-05T12:40:50","date_gmt":"2020-01-05T12:40:50","guid":{"rendered":"http:\/\/czernicaprzedszkole.ovh\/?page_id=1768"},"modified":"2024-02-05T12:15:21","modified_gmt":"2024-02-05T12:15:21","slug":"podziekowania-3","status":"publish","type":"page","link":"https:\/\/przedszkoleczernica.gaszowice.pl\/?page_id=1768","title":{"rendered":"Podzi\u0119kowania"},"content":{"rendered":"<div align=\"CENTER\">\n<div><\/div>\n<div align=\"CENTER\">\n<div align=\"CENTER\"><b>Rada Rodzic\u00f3w Przedszkola \u201eBajkowe Wzg\u00f3rze, Dyrekcja\u00a0<\/b><\/div>\n<div align=\"CENTER\"><b>oraz Grono Pedagogiczne sk\u0142adaj\u0105 serdeczne podzi\u0119kowania<\/b><\/div>\n<div align=\"CENTER\"><b>\u00a0wszystkim rodzicom, ofiarodawcom i firmom, kt\u00f3re sprawi\u0142y, \u017ce mo\u017cliwa by\u0142a organizacja corocznej zabawy karnawa\u0142owej, a ostatnia odby\u0142a si\u0119 w 2021 roku. W tym roku szybko uzbiera\u0142 si\u0119 komplet ch\u0119tnych par z czego jeste\u015bmy bardzo zadowoleni. Musimy przyzna\u0107, \u017ce zabawa karnawa\u0142owa w 2024r. przesz\u0142a ju\u017c do historii, by\u0142a bardzo udana i na d\u0142ugo zostanie w naszej pami\u0119ci.<\/b><\/div>\n<div align=\"CENTER\"><\/div>\n<div align=\"LEFT\"><\/div>\n<div align=\"LEFT\"><b><i>Dzi\u0119kujemy\u00a0 wszystkim Rodzicom, kt\u00f3rzy pomogli w organizacji zabawy karnawa\u0142owej i za wasz\u0105 prac\u0119 jak\u0105 w\u0142o\u017cyli\u015bcie w przygotowanie ciast i ro\u017cnych zimnych przek\u0105sek. Wszystkim tym, kt\u00f3rzy przygotowali sal\u0119, pomogli w obs\u0142udze i na kuchni, a tak\u017ce tym co zadbali <\/i><\/b><\/div>\n<div align=\"LEFT\"><b><i>o porz\u0105dek po zabawie &#8211; jeszcze raz Bardzo Dzi\u0119kujemy!\u00a0\u00a0<\/i><\/b><\/div>\n<p align=\"LEFT\"><strong>Wielkie podzi\u0119kowania za pomoc dla pa\u0144 z \ud835\uddde\ud835\uddfc\u0142a \ud835\uddda\ud835\uddfc\ud835\ude00\ud835\uddfd\ud835\uddfc\ud835\uddf1\ud835\ude06\ud835\uddfb\u0301 \ud835\uddea\ud835\uddf6\ud835\uddf2\ud835\uddf7\ud835\ude00\ud835\uddf8\ud835\uddf6\ud835\uddf0\ud835\uddf5 \ud835\ude04 \u0141\ud835\ude02\ud835\uddf8\ud835\uddfc\ud835\ude04\ud835\uddf6\ud835\uddf2 \u015a\ud835\uddf9\ud835\uddee\u0328\ud835\ude00\ud835\uddf8\ud835\uddf6\ud835\uddfa\u00a0 \u00a0 \u00a0 \u00a0 \u00a0 \u00a0 \u00a0 \u00a0 \u00a0 \u00a0 \u00a0 \u00a0 \u00a0 \u00a0 i udost\u0119pnienie sali na zabaw\u0119.<\/strong><\/p>\n<\/div>\n<\/div>\n<div align=\"LEFT\"><\/div>\n<div align=\"LEFT\">Podzi\u0119kowania dla sponsor\u00f3w:<\/div>\n<div align=\"LEFT\"><\/div>\n<div align=\"CENTER\">\n<div>\n<div style=\"text-align: center;\" align=\"LEFT\">\u00a0 1. Starosta Powiatu Rybnickiego Damian Mrowiec<\/div>\n<div>2. Gmina Gaszowice<\/div>\n<div>3. O\u015brodek Kultury Zameczek<\/div>\n<div>4. Sp\u00f3\u0142dzielnia socjalna Horyzonty Kultury \u2013 Kawiarnia Roth\u00f3wka.<\/div>\n<div>5. Englisz Team- Szko\u0142a j\u0119zyka angielskiego Agnieszka Mandrysz<\/div>\n<div>6.\u201ePAT \u2013 KOM\u201d Serwis i naprawa komputer\u00f3w Patryk Jona &#8211; Czernica<\/div>\n<div>7. Hurtownia budowlana REM&amp;BUD &#8211; Szymon Kachel<\/div>\n<div>8. Sklep spo\u017cywczy Lamper Czes\u0142aw z Czernicy<\/div>\n<div>9. Piekarnia Zdzis\u0142aw Mucha z Czernicy<\/div>\n<div>10. Studio urody Roksana Margeciok z Czernicy<\/div>\n<div>11. Barbara Stebel &#8211; sklep jubilerski Rydu\u0142towy<\/div>\n<div>12. Pana Adam Bluszcz z Ubojni Drobiu \u201cTWIST\u201d sp. z o. o.<br \/>\nHenryk Krauze i Adam Bluszcz<\/div>\n<div>13. Sklep mi\u0119sny W\u0119dzarnia z tradycj\u0105 Arkadiusz Ryszka &#8211; Jejkowice<\/div>\n<div>14.Hurtownia papiernicza &#8222;Papirus&#8221; z Pszowa<\/div>\n<\/div>\n<div><\/div>\n<p><i>\u201e<b>Czasem wdzi\u0119czno\u015b\u0107 trudno jest ubra\u0107 w s\u0142owa\u2026<br \/>\nwtedy proste &#8211; Dzi\u0119kujemy &#8211; zawiera wszystko co chcemy wyrazi\u0107\u201d.<\/b><\/i><\/p>\n<\/div>\n<div align=\"CENTER\"><\/div>\n<div><\/div>\n<div align=\"LEFT\"><\/div>\n","protected":false},"excerpt":{"rendered":"<p>Rada Rodzic\u00f3w Przedszkola \u201eBajkowe Wzg\u00f3rze, Dyrekcja\u00a0 oraz Grono Pedagogiczne sk\u0142adaj\u0105 serdeczne podzi\u0119kowania \u00a0wszystkim rodzicom, ofiarodawcom i firmom, kt\u00f3re sprawi\u0142y, \u017ce mo\u017cliwa by\u0142a organizacja corocznej zabawy karnawa\u0142owej, a ostatnia odby\u0142a si\u0119 w 2021 roku. W tym roku szybko uzbiera\u0142 si\u0119 komplet ch\u0119tnych par z czego jeste\u015bmy bardzo zadowoleni. Musimy przyzna\u0107, \u017ce zabawa karnawa\u0142owa w 2024r. przesz\u0142a [&hellip;]<\/p>\n","protected":false},"author":1,"featured_media":0,"parent":0,"menu_order":1,"comment_status":"closed","ping_status":"open","template":"","meta":{"footnotes":""},"class_list":["post-1768","page","type-page","status-publish","hentry"],"_links":{"self":[{"href":"https:\/\/przedszkoleczernica.gaszowice.pl\/index.php?rest_route=\/wp\/v2\/pages\/1768","targetHints":{"allow":["GET"]}}],"collection":[{"href":"https:\/\/przedszkoleczernica.gaszowice.pl\/index.php?rest_route=\/wp\/v2\/pages"}],"about":[{"href":"https:\/\/przedszkoleczernica.gaszowice.pl\/index.php?rest_route=\/wp\/v2\/types\/page"}],"author":[{"embeddable":true,"href":"https:\/\/przedszkoleczernica.gaszowice.pl\/index.php?rest_route=\/wp\/v2\/users\/1"}],"replies":[{"embeddable":true,"href":"https:\/\/przedszkoleczernica.gaszowice.pl\/index.php?rest_route=%2Fwp%2Fv2%2Fcomments&post=1768"}],"version-history":[{"count":7,"href":"https:\/\/przedszkoleczernica.gaszowice.pl\/index.php?rest_route=\/wp\/v2\/pages\/1768\/revisions"}],"predecessor-version":[{"id":4039,"href":"https:\/\/przedszkoleczernica.gaszowice.pl\/index.php?rest_route=\/wp\/v2\/pages\/1768\/revisions\/4039"}],"wp:attachment":[{"href":"https:\/\/przedszkoleczernica.gaszowice.pl\/index.php?rest_route=%2Fwp%2Fv2%2Fmedia&parent=1768"}],"curies":[{"name":"wp","href":"https:\/\/api.w.org\/{rel}","templated":true}]}}